{"id":5475,"date":"2021-10-01T13:01:38","date_gmt":"2021-10-01T13:01:38","guid":{"rendered":"https:\/\/equitrade.jovianmedia.com\/terms-conditions\/"},"modified":"2021-10-01T13:01:38","modified_gmt":"2021-10-01T13:01:38","slug":"terms-conditions","status":"publish","type":"page","link":"https:\/\/equitrade.jovianmedia.com\/es\/terms-conditions\/","title":{"rendered":"T\u00e9rminos y condiciones"},"content":{"rendered":"<div data-elementor-type=\"wp-page\" data-elementor-id=\"5475\" class=\"elementor elementor-5475\" data-elementor-post-type=\"page\">\n\t\t\t\t<div class=\"elementor-element elementor-element-f366426 e-flex e-con-boxed e-con e-parent\" data-id=\"f366426\" data-element_type=\"container\" data-e-type=\"container\">\n\t\t\t\t\t<div class=\"e-con-inner\">\n\t\t\t\t<div class=\"elementor-element elementor-element-2a890ce elementor-widget elementor-widget-text-editor\" data-id=\"2a890ce\" data-element_type=\"widget\" data-e-type=\"widget\" data-widget_type=\"text-editor.default\">\n\t\t\t\t<div class=\"elementor-widget-container\">\n\t\t\t\t\t\t\t\t\t<h2>Interpretaci\u00f3n y definiciones<\/h2><h3>Interpretaci\u00f3n<\/h3><p>Las palabras cuya inicial est\u00e1 en may\u00fascula tienen significados definidos en las siguientes condiciones. Las siguientes definiciones tendr\u00e1n el mismo significado independientemente de si aparecen en singular o en plural.<\/p><hr class=\"the7-p-gap\" style=\"padding-bottom: 30px;\" \/><h3>Definiciones<\/h3><p>A los efectos de estos T\u00e9rminos y condiciones:<\/p><ul><li><strong>Afiliado<\/strong>\u00a0significa una entidad que controla, es controlada por o est\u00e1 bajo control com\u00fan con una parte, donde \u201ccontrol\u201d significa la propiedad del 50% o m\u00e1s de las acciones, participaciones o otros valores con derecho a voto para la elecci\u00f3n de directores u otra autoridad administrativa.<\/li><li><strong>Pa\u00eds<\/strong>\u00a0se refiere a: Reino Unido<\/li><li><strong>Empresa<\/strong>\u00a0(denominada \u201cla Empresa\u201d, \u201cNosotros\u201d o \u201cNuestro\u201d en el presente Acuerdo) se refiere a Dream-Theme, Londres.<\/li><li><strong>Dispositivo<\/strong>\u00a0significa cualquier dispositivo que pueda acceder al Servicio, como una computadora, un tel\u00e9fono celular o una tableta digital.<\/li><li><strong>Servicio<\/strong>\u00a0se refiere al sitio web.<\/li><li><strong>T\u00e9rminos y condiciones<\/strong>\u00a0(tambi\u00e9n denominados \u201cT\u00e9rminos\u201d) se refieren a estos T\u00e9rminos y condiciones que constituyen el acuerdo completo entre usted y la Empresa en relaci\u00f3n con el uso del Servicio. Este acuerdo de T\u00e9rminos y condiciones se ha creado con la ayuda de\u00a0<a href=\"https:\/\/www.freeprivacypolicy.com\/free-terms-and-conditions-generator\/\" target=\"_blank\" rel=\"noopener\">Generador gratuito de t\u00e9rminos y condiciones<\/a>.<\/li><li><strong>Servicio de redes sociales de terceros<\/strong>\u00a0significa cualquier servicio o contenido (incluidos datos, informaci\u00f3n, productos o servicios) proporcionado por un tercero que pueda mostrarse, incluirse o ponerse a disposici\u00f3n a trav\u00e9s del Servicio.<\/li><li><strong>Sitio web<\/strong>\u00a0se refiere a The7, accesible desde\u00a0<a href=\"https:\/\/the7.io\/\" target=\"_blank\" rel=\"external nofollow noopener\">https:\/\/the7.io\/<\/a><\/li><li><strong>T\u00fa<\/strong> Se refiere a la persona que accede o utiliza el Servicio, o a la empresa u otra entidad legal en nombre de la cual dicha persona accede o utiliza el Servicio, seg\u00fan corresponda.<\/li><\/ul><hr class=\"the7-p-gap\" style=\"padding-bottom: 60px;\" data-wp-editing=\"1\" \/><h2>Agradecimiento<\/h2><p>Estos son los T\u00e9rminos y Condiciones que rigen el uso de este Servicio y el acuerdo que rige entre usted y la Empresa. Estos T\u00e9rminos y Condiciones establecen los derechos y obligaciones de todos los usuarios en relaci\u00f3n con el uso del Servicio.<\/p><p>Su acceso y uso del Servicio est\u00e1n condicionados a su aceptaci\u00f3n y cumplimiento de estos T\u00e9rminos y Condiciones. Estos T\u00e9rminos y Condiciones se aplican a todos los visitantes, usuarios y otras personas que accedan o utilicen el Servicio.<\/p><p>Al acceder o utilizar el Servicio, usted acepta quedar vinculado por estos T\u00e9rminos y condiciones. Si no est\u00e1 de acuerdo con alguna parte de estos T\u00e9rminos y condiciones, no podr\u00e1 acceder al Servicio.<\/p><p>Usted declara que es mayor de 18 a\u00f1os. La Empresa no permite que los menores de 18 a\u00f1os utilicen el Servicio.<\/p><p>Su acceso y uso del Servicio tambi\u00e9n est\u00e1n condicionados a su aceptaci\u00f3n y cumplimiento de la Pol\u00edtica de privacidad de la Empresa. Nuestra Pol\u00edtica de privacidad describe nuestras pol\u00edticas y procedimientos sobre la recopilaci\u00f3n, el uso y la divulgaci\u00f3n de su informaci\u00f3n personal cuando utiliza la Aplicaci\u00f3n o el Sitio web, y le informa sobre sus derechos de privacidad y c\u00f3mo le protege la ley. Lea atentamente nuestra Pol\u00edtica de privacidad antes de utilizar nuestro Servicio.<\/p><hr class=\"the7-p-gap\" style=\"padding-bottom: 60px;\" \/><h2>Enlaces a otros sitios web<\/h2><p>Nuestro Servicio puede contener enlaces a sitios web o servicios de terceros que no son propiedad ni est\u00e1n controlados por la Empresa.<\/p><p>La Empresa no tiene control ni asume responsabilidad alguna por el contenido, las pol\u00edticas de privacidad o las pr\u00e1cticas de los sitios web o servicios de terceros. Adem\u00e1s, usted reconoce y acepta que la Empresa no ser\u00e1 responsable, directa o indirectamente, de ning\u00fan da\u00f1o o p\u00e9rdida causados o supuestamente causados por o en relaci\u00f3n con el uso o la confianza en dichos contenidos, bienes o servicios disponibles en o a trav\u00e9s de dichos sitios web o servicios.<\/p><p>Le recomendamos encarecidamente que lea los t\u00e9rminos y condiciones y las pol\u00edticas de privacidad de cualquier sitio web o servicio de terceros que visite.<\/p><hr class=\"the7-p-gap\" style=\"padding-bottom: 60px;\" \/><h2>Rescisi\u00f3n<\/h2><p>Podemos rescindir o suspender su acceso de inmediato, sin previo aviso ni responsabilidad alguna, por cualquier motivo, incluyendo, entre otros, el incumplimiento de estos T\u00e9rminos y condiciones.<\/p><p>Tras la rescisi\u00f3n, su derecho a utilizar el Servicio cesar\u00e1 inmediatamente.<\/p><hr class=\"the7-p-gap\" style=\"padding-bottom: 60px;\" \/><h2>Limitaci\u00f3n de responsabilidad<\/h2><p>Sin perjuicio de los da\u00f1os y perjuicios en los que usted pueda incurrir, la responsabilidad total de la Empresa y de cualquiera de sus proveedores en virtud de cualquier disposici\u00f3n de las presentes Condiciones y su \u00fanico recurso por todo lo anterior se limitar\u00e1 al importe realmente pagado por usted a trav\u00e9s del Servicio o a 100 USD si no ha comprado nada a trav\u00e9s del Servicio.<\/p><p>En la medida en que lo permita la legislaci\u00f3n aplicable, en ning\u00fan caso la Empresa o sus proveedores ser\u00e1n responsables de ning\u00fan da\u00f1o especial, incidental, indirecto o consecuente (incluidos, entre otros, los da\u00f1os por p\u00e9rdida de beneficios, p\u00e9rdida de datos u otra informaci\u00f3n, por interrupci\u00f3n del negocio, por lesiones personales, p\u00e9rdida de privacidad que surja de o est\u00e9 relacionada de alguna manera con el uso o la imposibilidad de usar el Servicio, el software de terceros y\/o el hardware de terceros utilizado con el Servicio, o de otro modo en relaci\u00f3n con cualquier disposici\u00f3n de estos T\u00e9rminos), incluso si la Empresa o cualquier proveedor ha sido advertido de la posibilidad de tales da\u00f1os e incluso si la soluci\u00f3n no cumple su prop\u00f3sito esencial.<\/p><p>Algunos estados no permiten la exclusi\u00f3n de garant\u00edas impl\u00edcitas ni la limitaci\u00f3n de responsabilidad por da\u00f1os incidentales o consecuentes, lo que significa que algunas de las limitaciones anteriores podr\u00edan no ser aplicables. En estos estados, la responsabilidad de cada parte se limitar\u00e1 en la medida en que lo permita la ley.<\/p><hr class=\"the7-p-gap\" style=\"padding-bottom: 60px;\" \/><h2>\u201cDescargo de responsabilidad \u201dTAL CUAL\u201c y \u201dSEG\u00daN DISPONIBILIDAD\u00bb<\/h2><p>El Servicio se le proporciona \u201cTAL CUAL\u201d y \u201cSEG\u00daN DISPONIBILIDAD\u201d, con todos sus defectos y fallos, sin garant\u00eda de ning\u00fan tipo. En la medida en que lo permita la legislaci\u00f3n aplicable, la Empresa, en su propio nombre y en nombre de sus Afiliados y de sus respectivos licenciantes y proveedores de servicios, renuncia expresamente a todas las garant\u00edas, ya sean expresas, impl\u00edcitas, legales o de otro tipo, con respecto al Servicio, incluidas todas las garant\u00edas impl\u00edcitas de comerciabilidad, idoneidad para un fin determinado, titularidad y no infracci\u00f3n, as\u00ed como las garant\u00edas que puedan derivarse del curso de la negociaci\u00f3n, el curso del cumplimiento, el uso o la pr\u00e1ctica comercial. Sin limitaci\u00f3n alguna a lo anterior, la Empresa no ofrece ninguna garant\u00eda ni compromiso, y no realiza ninguna declaraci\u00f3n de ning\u00fan tipo en cuanto a que el Servicio satisfar\u00e1 sus requisitos, lograr\u00e1 los resultados previstos, ser\u00e1 compatible o funcionar\u00e1 con cualquier otro software, aplicaci\u00f3n, sistema o servicio, funcionar\u00e1 sin interrupciones, cumplir\u00e1 con cualquier norma de rendimiento o fiabilidad, estar\u00e1 libre de errores o que cualquier error o defecto pueda ser o ser\u00e1 corregido.<\/p><p>Sin perjuicio de lo anterior, ni la Empresa ni ninguno de sus proveedores realizan declaraci\u00f3n o garant\u00eda alguna, expresa o impl\u00edcita: (i) en cuanto al funcionamiento o la disponibilidad del Servicio, o la informaci\u00f3n, el contenido y los materiales o productos incluidos en el mismo; (ii) en cuanto a que el Servicio ser\u00e1 ininterrumpido o estar\u00e1 libre de errores; (iii) en cuanto a la exactitud, fiabilidad o actualidad de cualquier informaci\u00f3n o contenido proporcionado a trav\u00e9s del Servicio; o (iv) de que el Servicio, sus servidores, el contenido o los correos electr\u00f3nicos enviados desde o en nombre de la Empresa est\u00e9n libres de virus, scripts, troyanos, gusanos, malware, bombas de tiempo u otros componentes da\u00f1inos.<\/p><p>Algunas jurisdicciones no permiten la exclusi\u00f3n de ciertos tipos de garant\u00edas o limitaciones de los derechos legales aplicables de un consumidor, por lo que es posible que algunas o todas las exclusiones y limitaciones anteriores no se apliquen en su caso. Sin embargo, en tal caso, las exclusiones y limitaciones establecidas en esta secci\u00f3n se aplicar\u00e1n en la medida en que lo permita la legislaci\u00f3n aplicable.<\/p><hr class=\"the7-p-gap\" style=\"padding-bottom: 60px;\" \/><h2>Legislaci\u00f3n aplicable<\/h2><p>Las leyes del pa\u00eds, excluyendo sus normas sobre conflicto de leyes, regir\u00e1n estos T\u00e9rminos y su uso del Servicio. El uso que haga de la Aplicaci\u00f3n tambi\u00e9n puede estar sujeto a otras leyes locales, estatales, nacionales o internacionales.<\/p><hr class=\"the7-p-gap\" style=\"padding-bottom: 60px;\" \/><h2>Resoluci\u00f3n de disputas<\/h2><p>Si tienes alguna inquietud o disputa sobre el Servicio, aceptas intentar primero resolver la disputa de manera informal poni\u00e9ndote en contacto con la Empresa.<\/p><hr class=\"the7-p-gap\" style=\"padding-bottom: 60px;\" \/><h2>Para usuarios de la Uni\u00f3n Europea (UE)<\/h2><p>Si usted es un consumidor de la Uni\u00f3n Europea, se beneficiar\u00e1 de cualquier disposici\u00f3n obligatoria de la legislaci\u00f3n del pa\u00eds en el que reside.<\/p><hr class=\"the7-p-gap\" style=\"padding-bottom: 60px;\" \/><h2>Cumplimiento legal en Estados Unidos<\/h2><p>Usted declara y garantiza que (i) no se encuentra en un pa\u00eds sujeto a un embargo del gobierno de los Estados Unidos, o que haya sido designado por el gobierno de los Estados Unidos como un pa\u00eds \u201cque apoya el terrorismo\u201d, y (ii) no figura en ninguna lista del gobierno de los Estados Unidos de partes prohibidas o restringidas.<\/p><hr class=\"the7-p-gap\" style=\"padding-bottom: 60px;\" \/><h2>Divisibilidad y renuncia<\/h2><h3>Divisibilidad<\/h3><p>Si alguna disposici\u00f3n de estos T\u00e9rminos se considera inaplicable o inv\u00e1lida, dicha disposici\u00f3n se modificar\u00e1 e interpretar\u00e1 para cumplir los objetivos de dicha disposici\u00f3n en la mayor medida posible seg\u00fan la legislaci\u00f3n aplicable, y las disposiciones restantes seguir\u00e1n en pleno vigor y efecto.<\/p><hr class=\"the7-p-gap\" style=\"padding-bottom: 30px;\" \/><h3>Renuncia<\/h3><p>Salvo lo dispuesto en el presente documento, el hecho de no ejercer un derecho o exigir el cumplimiento de una obligaci\u00f3n en virtud de las presentes Condiciones no afectar\u00e1 a la capacidad de una parte para ejercer dicho derecho o exigir dicho cumplimiento en cualquier momento posterior, ni la renuncia a un incumplimiento constituir\u00e1 una renuncia a cualquier incumplimiento posterior.<\/p><hr class=\"the7-p-gap\" style=\"padding-bottom: 60px;\" \/><h2>Traducci\u00f3n Interpretaci\u00f3n<\/h2><p>Estos T\u00e9rminos y condiciones pueden haber sido traducidos si los hemos puesto a su disposici\u00f3n en nuestro Servicio. Usted acepta que, en caso de disputa, prevalecer\u00e1 el texto original en ingl\u00e9s.<\/p><hr class=\"the7-p-gap\" style=\"padding-bottom: 60px;\" \/><h2>Modificaciones de estos T\u00e9rminos y condiciones<\/h2><p>Nos reservamos el derecho, a nuestra entera discreci\u00f3n, de modificar o sustituir estos T\u00e9rminos en cualquier momento. Si la revisi\u00f3n es sustancial, haremos todo lo posible por notificarlo con al menos 30 d\u00edas de antelaci\u00f3n antes de que los nuevos t\u00e9rminos entren en vigor. Lo que constituye un cambio sustancial se determinar\u00e1 a nuestra entera discreci\u00f3n.<\/p><p>Al continuar accediendo o utilizando nuestro Servicio despu\u00e9s de que dichas revisiones entren en vigor, usted acepta quedar vinculado por los t\u00e9rminos revisados. Si no est\u00e1 de acuerdo con los nuevos t\u00e9rminos, en su totalidad o en parte, le rogamos que deje de utilizar el sitio web y el Servicio.<\/p><hr class=\"the7-p-gap\" style=\"padding-bottom: 60px;\" \/><h2>Cont\u00e1ctenos<\/h2><p>Si tiene alguna pregunta sobre estos T\u00e9rminos y condiciones, puede ponerse en contacto con nosotros:<\/p><ul><li>Por correo electr\u00f3nico: example@the7.io<\/li><\/ul>\t\t\t\t\t\t\t\t<\/div>\n\t\t\t\t<\/div>\n\t\t\t\t\t<\/div>\n\t\t\t\t<\/div>\n\t\t\t\t<\/div>","protected":false},"excerpt":{"rendered":"","protected":false},"author":1,"featured_media":0,"parent":0,"menu_order":70,"comment_status":"closed","ping_status":"closed","template":"","meta":{"footnotes":""},"class_list":["post-5475","page","type-page","status-publish","hentry"],"_links":{"self":[{"href":"https:\/\/equitrade.jovianmedia.com\/es\/wp-json\/wp\/v2\/pages\/5475","targetHints":{"allow":["GET"]}}],"collection":[{"href":"https:\/\/equitrade.jovianmedia.com\/es\/wp-json\/wp\/v2\/pages"}],"about":[{"href":"https:\/\/equitrade.jovianmedia.com\/es\/wp-json\/wp\/v2\/types\/page"}],"author":[{"embeddable":true,"href":"https:\/\/equitrade.jovianmedia.com\/es\/wp-json\/wp\/v2\/users\/1"}],"replies":[{"embeddable":true,"href":"https:\/\/equitrade.jovianmedia.com\/es\/wp-json\/wp\/v2\/comments?post=5475"}],"version-history":[{"count":0,"href":"https:\/\/equitrade.jovianmedia.com\/es\/wp-json\/wp\/v2\/pages\/5475\/revisions"}],"wp:attachment":[{"href":"https:\/\/equitrade.jovianmedia.com\/es\/wp-json\/wp\/v2\/media?parent=5475"}],"curies":[{"name":"wp","href":"https:\/\/api.w.org\/{rel}","templated":true}]}}